{"id":8,"date":"2022-01-12T12:32:04","date_gmt":"2022-01-12T10:32:04","guid":{"rendered":"https:\/\/www.turbolaser.cz\/?page_id=8"},"modified":"2025-07-16T10:36:43","modified_gmt":"2025-07-16T08:36:43","slug":"contact","status":"publish","type":"page","link":"https:\/\/www.dukompower.cz\/?page_id=8","title":{"rendered":"Kontakt"},"content":{"rendered":"\n<div class=\"wp-container-5 wp-block-columns\">\n<div class=\"wp-container-4 wp-block-column is-vertically-aligned-center\" style=\"flex-basis:100%\">\n<div class=\"wp-container-3 wp-block-columns\">\n<div class=\"wp-container-1 wp-block-column\">\n<h3>Adresa<\/h3>\n\n\n\n<p>Zelen\u00e1 65<\/p>\n\n\n\n<p>257 44, Netvo\u0159ice<\/p>\n\n\n\n<p>email: info@dukompower.cz<\/p>\n<\/div>\n\n\n\n<div class=\"wp-container-2 wp-block-column\">\n<h3>Obchodn\u00ed odd\u011blen\u00ed<\/h3>\n\n\n\n<p>Gabriela Podle\u0161\u00e1kov\u00e1<\/p>\n\n\n\n<p>tel.: 777 764 149<\/p>\n\n\n\n<p>email: obchod@dukompower.cz<\/p>\n<\/div>\n<\/div>\n<\/div>\n<\/div>\n\n\n\n<h5><a href=\"https:\/\/www.dukompower.cz\/wp-content\/uploads\/2025\/07\/VoP_Dukom_Power.pdf\">https:\/\/www.dukompower.cz\/wp-content\/uploads\/2025\/07\/VoP_Dukom_Power.pdf<\/a><\/h5>\n\n\n\n<p><\/p>\n","protected":false},"excerpt":{"rendered":"<p>Adresa Zelen\u00e1 65 257 44, Netvo\u0159ice email: info@dukompower.cz Obchodn\u00ed odd\u011blen\u00ed Gabriela Podle\u0161\u00e1kov\u00e1 tel.: 777 764 149 email: obchod@dukompower.cz https:\/\/www.dukompower.cz\/wp-content\/uploads\/2025\/07\/VoP_Dukom_Power.pdf<\/p>\n","protected":false},"author":1,"featured_media":0,"parent":0,"menu_order":0,"comment_status":"closed","ping_status":"closed","template":"","meta":[],"_links":{"self":[{"href":"https:\/\/www.dukompower.cz\/index.php?rest_route=\/wp\/v2\/pages\/8"}],"collection":[{"href":"https:\/\/www.dukompower.cz\/index.php?rest_route=\/wp\/v2\/pages"}],"about":[{"href":"https:\/\/www.dukompower.cz\/index.php?rest_route=\/wp\/v2\/types\/page"}],"author":[{"embeddable":true,"href":"https:\/\/www.dukompower.cz\/index.php?rest_route=\/wp\/v2\/users\/1"}],"replies":[{"embeddable":true,"href":"https:\/\/www.dukompower.cz\/index.php?rest_route=%2Fwp%2Fv2%2Fcomments&post=8"}],"version-history":[{"count":17,"href":"https:\/\/www.dukompower.cz\/index.php?rest_route=\/wp\/v2\/pages\/8\/revisions"}],"predecessor-version":[{"id":156,"href":"https:\/\/www.dukompower.cz\/index.php?rest_route=\/wp\/v2\/pages\/8\/revisions\/156"}],"wp:attachment":[{"href":"https:\/\/www.dukompower.cz\/index.php?rest_route=%2Fwp%2Fv2%2Fmedia&parent=8"}],"curies":[{"name":"wp","href":"https:\/\/api.w.org\/{rel}","templated":true}]}}