{"id":96,"date":"2022-04-20T09:40:09","date_gmt":"2022-04-20T07:40:09","guid":{"rendered":"https:\/\/www.turbolaser.cz\/?page_id=96"},"modified":"2022-05-04T09:08:04","modified_gmt":"2022-05-04T07:08:04","slug":"ukazky-nasi-prace","status":"publish","type":"page","link":"https:\/\/www.dukompower.cz\/?page_id=96","title":{"rendered":"Uk\u00e1zky na\u0161\u00ed pr\u00e1ce"},"content":{"rendered":"\n<p><strong>CNC laserov\u00e9 \u0159ez\u00e1n\u00ed<\/strong> <strong>&#8211; p\u00e1len\u00ed<\/strong><\/p>\n\n\n\n<div class=\"wp-container-4 wp-block-columns\">\n<div class=\"wp-container-1 wp-block-column\">\n<figure class=\"wp-block-image size-large is-resized\"><img loading=\"lazy\" src=\"https:\/\/www.turbolaser.cz\/wp-content\/uploads\/2022\/04\/20220420_103241-768x1024.jpg\" alt=\"\" class=\"wp-image-122\" width=\"192\" height=\"256\" srcset=\"https:\/\/www.dukompower.cz\/wp-content\/uploads\/2022\/04\/20220420_103241-768x1024.jpg 768w, https:\/\/www.dukompower.cz\/wp-content\/uploads\/2022\/04\/20220420_103241-225x300.jpg 225w, https:\/\/www.dukompower.cz\/wp-content\/uploads\/2022\/04\/20220420_103241-1153x1536.jpg 1153w, https:\/\/www.dukompower.cz\/wp-content\/uploads\/2022\/04\/20220420_103241-1537x2048.jpg 1537w, https:\/\/www.dukompower.cz\/wp-content\/uploads\/2022\/04\/20220420_103241-rotated.jpg 1665w\" sizes=\"(max-width: 192px) 100vw, 192px\" \/><\/figure>\n<\/div>\n\n\n\n<div class=\"wp-container-2 wp-block-column\">\n<figure class=\"wp-block-image size-full\"><img loading=\"lazy\" width=\"474\" height=\"316\" src=\"https:\/\/www.turbolaser.cz\/wp-content\/uploads\/2022\/04\/laserove-rezani.jpg\" alt=\"\" class=\"wp-image-117\" srcset=\"https:\/\/www.dukompower.cz\/wp-content\/uploads\/2022\/04\/laserove-rezani.jpg 474w, https:\/\/www.dukompower.cz\/wp-content\/uploads\/2022\/04\/laserove-rezani-300x200.jpg 300w, https:\/\/www.dukompower.cz\/wp-content\/uploads\/2022\/04\/laserove-rezani-450x300.jpg 450w\" sizes=\"(max-width: 474px) 100vw, 474px\" \/><\/figure>\n<\/div>\n\n\n\n<div class=\"wp-container-3 wp-block-column\">\n<div class=\"wp-block-image\"><figure class=\"alignright size-full is-resized\"><img loading=\"lazy\" src=\"https:\/\/www.turbolaser.cz\/wp-content\/uploads\/2022\/04\/RG994.jpg\" alt=\"\" class=\"wp-image-127\" width=\"250\" height=\"250\" srcset=\"https:\/\/www.dukompower.cz\/wp-content\/uploads\/2022\/04\/RG994.jpg 500w, https:\/\/www.dukompower.cz\/wp-content\/uploads\/2022\/04\/RG994-300x300.jpg 300w, https:\/\/www.dukompower.cz\/wp-content\/uploads\/2022\/04\/RG994-150x150.jpg 150w\" sizes=\"(max-width: 250px) 100vw, 250px\" \/><\/figure><\/div>\n<\/div>\n<\/div>\n\n\n\n<p><strong>CNC oh\u00fdb\u00e1n\u00ed plech\u016f<\/strong><\/p>\n\n\n\n<div class=\"wp-container-8 wp-block-columns\">\n<div class=\"wp-container-5 wp-block-column\">\n<figure class=\"wp-block-image size-full is-resized\"><img loading=\"lazy\" src=\"https:\/\/www.turbolaser.cz\/wp-content\/uploads\/2022\/04\/ohranovani2.jpg\" alt=\"\" class=\"wp-image-119\" width=\"250\" height=\"250\" srcset=\"https:\/\/www.dukompower.cz\/wp-content\/uploads\/2022\/04\/ohranovani2.jpg 1000w, https:\/\/www.dukompower.cz\/wp-content\/uploads\/2022\/04\/ohranovani2-300x300.jpg 300w, https:\/\/www.dukompower.cz\/wp-content\/uploads\/2022\/04\/ohranovani2-150x150.jpg 150w, https:\/\/www.dukompower.cz\/wp-content\/uploads\/2022\/04\/ohranovani2-768x768.jpg 768w\" sizes=\"(max-width: 250px) 100vw, 250px\" \/><\/figure>\n<\/div>\n\n\n\n<div class=\"wp-container-6 wp-block-column\">\n<figure class=\"wp-block-image size-large is-resized\"><img loading=\"lazy\" src=\"https:\/\/www.turbolaser.cz\/wp-content\/uploads\/2022\/04\/20220420_103434-1024x674.jpg\" alt=\"\" class=\"wp-image-124\" width=\"350\" height=\"230\" srcset=\"https:\/\/www.dukompower.cz\/wp-content\/uploads\/2022\/04\/20220420_103434-1024x674.jpg 1024w, https:\/\/www.dukompower.cz\/wp-content\/uploads\/2022\/04\/20220420_103434-300x197.jpg 300w, https:\/\/www.dukompower.cz\/wp-content\/uploads\/2022\/04\/20220420_103434-768x505.jpg 768w, https:\/\/www.dukompower.cz\/wp-content\/uploads\/2022\/04\/20220420_103434-1536x1011.jpg 1536w, https:\/\/www.dukompower.cz\/wp-content\/uploads\/2022\/04\/20220420_103434-2048x1348.jpg 2048w, https:\/\/www.dukompower.cz\/wp-content\/uploads\/2022\/04\/20220420_103434-456x300.jpg 456w\" sizes=\"(max-width: 350px) 100vw, 350px\" \/><\/figure>\n<\/div>\n\n\n\n<div class=\"wp-container-7 wp-block-column\">\n<figure class=\"wp-block-image size-full is-resized\"><img loading=\"lazy\" src=\"https:\/\/www.turbolaser.cz\/wp-content\/uploads\/2022\/04\/ohranovani.jpg\" alt=\"\" class=\"wp-image-118\" width=\"250\" height=\"250\"\/><\/figure>\n<\/div>\n<\/div>\n\n\n\n<p><strong>Laserov\u00e9 \u010di\u0161t\u011bn\u00ed<\/strong><\/p>\n\n\n\n<div class=\"wp-container-11 wp-block-columns\">\n<div class=\"wp-container-9 wp-block-column\" style=\"flex-basis:200px\">\n<figure class=\"wp-block-image size-large is-resized\"><img loading=\"lazy\" src=\"https:\/\/www.turbolaser.cz\/wp-content\/uploads\/2022\/04\/deska_pred_vycistenim-1-768x1024.jpg\" alt=\"\" class=\"wp-image-98\" width=\"192\" height=\"256\" srcset=\"https:\/\/www.dukompower.cz\/wp-content\/uploads\/2022\/04\/deska_pred_vycistenim-1-768x1024.jpg 768w, https:\/\/www.dukompower.cz\/wp-content\/uploads\/2022\/04\/deska_pred_vycistenim-1-225x300.jpg 225w, https:\/\/www.dukompower.cz\/wp-content\/uploads\/2022\/04\/deska_pred_vycistenim-1-1152x1536.jpg 1152w, https:\/\/www.dukompower.cz\/wp-content\/uploads\/2022\/04\/deska_pred_vycistenim-1-1536x2048.jpg 1536w, https:\/\/www.dukompower.cz\/wp-content\/uploads\/2022\/04\/deska_pred_vycistenim-1-scaled.jpg 1920w\" sizes=\"(max-width: 192px) 100vw, 192px\" \/><figcaption><em>vyho\u0159el\u00e1 deska p\u0159ed \u010dist\u011bn\u00edm<\/em><\/figcaption><\/figure>\n<\/div>\n\n\n\n<div class=\"wp-container-10 wp-block-column\" style=\"flex-basis:33.33%\">\n<figure class=\"wp-block-image size-large is-resized\"><img loading=\"lazy\" src=\"https:\/\/www.turbolaser.cz\/wp-content\/uploads\/2022\/04\/deska_po_vycisteni-1-768x1024.jpg\" alt=\"\" class=\"wp-image-97\" width=\"192\" height=\"256\" srcset=\"https:\/\/www.dukompower.cz\/wp-content\/uploads\/2022\/04\/deska_po_vycisteni-1-768x1024.jpg 768w, https:\/\/www.dukompower.cz\/wp-content\/uploads\/2022\/04\/deska_po_vycisteni-1-225x300.jpg 225w, https:\/\/www.dukompower.cz\/wp-content\/uploads\/2022\/04\/deska_po_vycisteni-1-1152x1536.jpg 1152w, https:\/\/www.dukompower.cz\/wp-content\/uploads\/2022\/04\/deska_po_vycisteni-1-1536x2048.jpg 1536w, https:\/\/www.dukompower.cz\/wp-content\/uploads\/2022\/04\/deska_po_vycisteni-1-rotated.jpg 1905w\" sizes=\"(max-width: 192px) 100vw, 192px\" \/><figcaption><em>deska po laserov\u00e9m \u010di\u0161t\u011bn\u00ed<\/em><\/figcaption><\/figure>\n<\/div>\n<\/div>\n\n\n\n<p><strong>Bodov\u00e1n\u00ed z\u00e1vitov\u00fdch trn\u016f<\/strong><\/p>\n\n\n\n<p><\/p>\n","protected":false},"excerpt":{"rendered":"<p>CNC laserov\u00e9 \u0159ez\u00e1n\u00ed &#8211; p\u00e1len\u00ed CNC oh\u00fdb\u00e1n\u00ed plech\u016f Laserov\u00e9 \u010di\u0161t\u011bn\u00ed Bodov\u00e1n\u00ed z\u00e1vitov\u00fdch trn\u016f<\/p>\n","protected":false},"author":2,"featured_media":0,"parent":0,"menu_order":0,"comment_status":"closed","ping_status":"closed","template":"","meta":[],"_links":{"self":[{"href":"https:\/\/www.dukompower.cz\/index.php?rest_route=\/wp\/v2\/pages\/96"}],"collection":[{"href":"https:\/\/www.dukompower.cz\/index.php?rest_route=\/wp\/v2\/pages"}],"about":[{"href":"https:\/\/www.dukompower.cz\/index.php?rest_route=\/wp\/v2\/types\/page"}],"author":[{"embeddable":true,"href":"https:\/\/www.dukompower.cz\/index.php?rest_route=\/wp\/v2\/users\/2"}],"replies":[{"embeddable":true,"href":"https:\/\/www.dukompower.cz\/index.php?rest_route=%2Fwp%2Fv2%2Fcomments&post=96"}],"version-history":[{"count":10,"href":"https:\/\/www.dukompower.cz\/index.php?rest_route=\/wp\/v2\/pages\/96\/revisions"}],"predecessor-version":[{"id":150,"href":"https:\/\/www.dukompower.cz\/index.php?rest_route=\/wp\/v2\/pages\/96\/revisions\/150"}],"wp:attachment":[{"href":"https:\/\/www.dukompower.cz\/index.php?rest_route=%2Fwp%2Fv2%2Fmedia&parent=96"}],"curies":[{"name":"wp","href":"https:\/\/api.w.org\/{rel}","templated":true}]}}